{"id":199,"date":"2025-07-20T21:10:12","date_gmt":"2025-07-20T19:10:12","guid":{"rendered":"https:\/\/www.roulcabdespinatous.fr\/?page_id=199"},"modified":"2025-09-11T18:48:38","modified_gmt":"2025-09-11T16:48:38","slug":"cgv","status":"publish","type":"page","link":"https:\/\/www.roulcabdespinatous.fr\/index.php\/cgv\/","title":{"rendered":"CGV"},"content":{"rendered":"<p>[et_pb_section fb_built=\u00a0\u00bb1&Prime; _builder_version=\u00a0\u00bb4.27.4&Prime; _module_preset=\u00a0\u00bbdefault\u00a0\u00bb global_colors_info=\u00a0\u00bb{}\u00a0\u00bb][et_pb_row _builder_version=\u00a0\u00bb4.27.4&Prime; _module_preset=\u00a0\u00bbdefault\u00a0\u00bb custom_margin=\u00a0\u00bb|auto||220px||\u00a0\u00bb global_colors_info=\u00a0\u00bb{}\u00a0\u00bb][et_pb_column type=\u00a0\u00bb4_4&Prime; _builder_version=\u00a0\u00bb4.27.4&Prime; _module_preset=\u00a0\u00bbdefault\u00a0\u00bb global_colors_info=\u00a0\u00bb{}\u00a0\u00bb][et_pb_text _builder_version=\u00a0\u00bb4.27.4&Prime; _module_preset=\u00a0\u00bbdefault\u00a0\u00bb header_text_color=\u00a0\u00bb#32620E\u00a0\u00bb header_font_size=\u00a0\u00bb40px\u00a0\u00bb global_colors_info=\u00a0\u00bb{}\u00a0\u00bb]<\/p>\n<h1>Conditions G\u00e9n\u00e9rales de Vente (CGV)<\/h1>\n<p>[\/et_pb_text][et_pb_text _builder_version=\u00a0\u00bb4.27.4&Prime; _module_preset=\u00a0\u00bbdefault\u00a0\u00bb global_colors_info=\u00a0\u00bb{}\u00a0\u00bb custom_margin=\u00a0\u00bb|||0px||\u00a0\u00bb]<\/p>\n<p data-start=\"249\" data-end=\"406\">\u00a0Les pr\u00e9sentes conditions g\u00e9n\u00e9rales de vente s\u2019appliquent \u00e0 toutes les r\u00e9servations effectu\u00e9es via le site <a class=\"\" rel=\"noopener\" target=\"_new\" href=\"http:\/\/www.nomdusite.fr\">www.roulcabdespinatous.fr<\/a>, g\u00e9r\u00e9 par Roulcab des Pinatous.<\/p>\n<hr data-start=\"408\" data-end=\"411\" \/>\n<h3 data-start=\"413\" data-end=\"434\">Article 1 \u2013 Objet<\/h3>\n<p data-start=\"436\" data-end=\"642\">Les pr\u00e9sentes CGV ont pour objet de d\u00e9finir les droits et obligations des parties dans le cadre de la r\u00e9servation d\u2019un s\u00e9jour dans les h\u00e9bergements propos\u00e9s (cabane, roulotte) via notre plateforme en ligne.<\/p>\n<hr data-start=\"644\" data-end=\"647\" \/>\n<h3 data-start=\"649\" data-end=\"677\">Article 2 \u2013 R\u00e9servations<\/h3>\n<p data-start=\"679\" data-end=\"950\">Les r\u00e9servations s\u2019effectuent via le module HBOOK int\u00e9gr\u00e9 au site. L\u2019utilisateur s\u00e9lectionne ses dates de s\u00e9jour, remplit les informations demand\u00e9es, puis proc\u00e8de au paiement ou choisit un autre mode de r\u00e8glement. La r\u00e9servation devient effective \u00e0 r\u00e9ception du paiement.<\/p>\n<hr data-start=\"952\" data-end=\"955\" \/>\n<h3 data-start=\"957\" data-end=\"979\">Article 3 \u2013 Tarifs<\/h3>\n<p data-start=\"981\" data-end=\"1201\">Les tarifs sont indiqu\u00e9s en euros (\u20ac), toutes taxes comprises (TTC). Ils peuvent \u00e9voluer selon la p\u00e9riode, les options choisies et le type d\u2019h\u00e9bergement. Le tarif applicable est celui affich\u00e9 au moment de la r\u00e9servation.<\/p>\n<hr data-start=\"1203\" data-end=\"1206\" \/>\n<h3 data-start=\"1208\" data-end=\"1245\">Article 4 \u2013 Modalit\u00e9s de paiement<\/h3>\n<p data-start=\"1247\" data-end=\"1299\">Le paiement peut s\u2019effectuer de plusieurs fa\u00e7ons :<\/p>\n<ul data-start=\"1300\" data-end=\"1597\">\n<li data-start=\"1300\" data-end=\"1406\">\n<p data-start=\"1302\" data-end=\"1406\">Paiement en ligne s\u00e9curis\u00e9 par carte bancaire pour la totalit\u00e9 du montant au moment de la r\u00e9servation,<\/p>\n<\/li>\n<li data-start=\"1407\" data-end=\"1481\">\n<p data-start=\"1409\" data-end=\"1481\">Paiement sur place en esp\u00e8ces lors de l\u2019arriv\u00e9e,<\/p>\n<\/li>\n<li data-start=\"1482\" data-end=\"1597\">\n<p data-start=\"1484\" data-end=\"1597\">Paiement par virement bancaire, \u00e0 effectuer avant l\u2019arriv\u00e9e selon les modalit\u00e9s pr\u00e9cis\u00e9es lors de la r\u00e9servation.<\/p>\n<\/li>\n<\/ul>\n<p data-start=\"1599\" data-end=\"1691\">La r\u00e9servation est confirm\u00e9e uniquement apr\u00e8s r\u00e9ception du paiement complet ou accord \u00e9crit.<\/p>\n<hr data-start=\"1693\" data-end=\"1696\" \/>\n<h3 data-start=\"1698\" data-end=\"1740\">Article 5 \u2013 Annulation et modification<\/h3>\n<p data-start=\"1742\" data-end=\"1774\"><strong data-start=\"1742\" data-end=\"1772\">Annulation par le client :<\/strong><\/p>\n<ul data-start=\"1775\" data-end=\"1935\">\n<li data-start=\"1775\" data-end=\"1835\">\n<p data-start=\"1838\" data-end=\"1894\">De 14 \u00e0 7 jours avant l\u2019arriv\u00e9e : remboursement \u00e0 100 %<\/p>\n<\/li>\n<li data-start=\"1895\" data-end=\"1935\">\n<p data-start=\"1897\" data-end=\"1935\">Moins de 7 jours avant l&rsquo;arriv\u00e9e : remboursement \u00e0 50 %<\/p>\n<\/li>\n<\/ul>\n<p data-start=\"1937\" data-end=\"2138\"><strong data-start=\"1937\" data-end=\"1973\">Annulation par l\u2019\u00e9tablissement :<\/strong><br data-start=\"1973\" data-end=\"1976\" \/>En cas de force majeure ou d\u2019indisponibilit\u00e9 impr\u00e9vue, nous nous r\u00e9servons le droit d\u2019annuler la r\u00e9servation. Dans ce cas, le client sera rembours\u00e9 int\u00e9gralement.<\/p>\n<hr data-start=\"2140\" data-end=\"2143\" \/>\n<h3 data-start=\"2145\" data-end=\"2173\">Article 6 \u2013 Bons cadeaux<\/h3>\n<p data-start=\"2175\" data-end=\"2389\">Il est possible d\u2019offrir un s\u00e9jour \u00e0 un proche via un bon cadeau personnalis\u00e9. Pour cela, merci de passer par notre <a href=\"#contact\"><span style=\"color: #32620e;\">formulaire de contact<\/span><\/a>. Nous reviendrons vers vous pour \u00e9tablir le bon et organiser le r\u00e8glement.<\/p>\n<hr data-start=\"2391\" data-end=\"2394\" \/>\n<h3 data-start=\"2396\" data-end=\"2436\">Article 7 \u2013 Conditions d\u2019h\u00e9bergement<\/h3>\n<p data-start=\"2438\" data-end=\"2638\">Le locataire s\u2019engage \u00e0 respecter les lieux, la nature environnante et les r\u00e8gles affich\u00e9es sur place. Les h\u00e9bergements sont non-fumeurs. Les animaux ne sont pas autoris\u00e9s (sauf indication contraire).<\/p>\n<hr data-start=\"2640\" data-end=\"2643\" \/>\n<h3 data-start=\"2645\" data-end=\"2675\">Article 8 \u2013 Responsabilit\u00e9<\/h3>\n<p data-start=\"2677\" data-end=\"2837\">La responsabilit\u00e9 de l\u2019entreprise ne pourra \u00eatre engag\u00e9e en cas de force majeure, d\u2019intemp\u00e9ries ou d\u2019impr\u00e9vus ext\u00e9rieurs affectant le bon d\u00e9roulement du s\u00e9jour.<\/p>\n<hr data-start=\"2839\" data-end=\"2842\" \/>\n<h3 data-start=\"2844\" data-end=\"2880\">Article 9 \u2013 Donn\u00e9es personnelles<\/h3>\n<p data-start=\"2882\" data-end=\"3010\">Les donn\u00e9es collect\u00e9es lors des r\u00e9servations sont trait\u00e9es conform\u00e9ment \u00e0 notre <a href=\"#politique%20de confidentialit\u00e9\"><span style=\"color: #32620e;\">politique de confidentialit\u00e9<\/span> <\/a>(voir page d\u00e9di\u00e9e).<\/p>\n<hr data-start=\"3012\" data-end=\"3015\" \/>\n<h3 data-start=\"3017\" data-end=\"3041\">Article 10 \u2013 Litiges<\/h3>\n<p data-start=\"3043\" data-end=\"3199\">En cas de litige, une solution amiable sera recherch\u00e9e. \u00c0 d\u00e9faut, le client peut recourir \u00e0 un m\u00e9diateur de la consommation ou saisir le tribunal comp\u00e9tent.<\/p>\n<p>[\/et_pb_text][\/et_pb_column][\/et_pb_row][\/et_pb_section][et_pb_section fb_built=\u00a0\u00bb1&Prime; admin_label=\u00a0\u00bbFooter\u00a0\u00bb _builder_version=\u00a0\u00bb4.27.0&Prime; _module_preset=\u00a0\u00bbdefault\u00a0\u00bb background_color=\u00a0\u00bb#32620E\u00a0\u00bb saved_tabs=\u00a0\u00bball\u00a0\u00bb collapsed=\u00a0\u00bbon\u00a0\u00bb global_colors_info=\u00a0\u00bb{}\u00a0\u00bb theme_builder_area=\u00a0\u00bbpost_content\u00a0\u00bb][et_pb_row _builder_version=\u00a0\u00bb4.22.0&Prime; _module_preset=\u00a0\u00bbdefault\u00a0\u00bb global_colors_info=\u00a0\u00bb{}\u00a0\u00bb theme_builder_area=\u00a0\u00bbpost_content\u00a0\u00bb][et_pb_column type=\u00a0\u00bb4_4&Prime; _builder_version=\u00a0\u00bb4.22.0&Prime; _module_preset=\u00a0\u00bbdefault\u00a0\u00bb global_colors_info=\u00a0\u00bb{}\u00a0\u00bb theme_builder_area=\u00a0\u00bbpost_content\u00a0\u00bb][et_pb_social_media_follow _builder_version=\u00a0\u00bb4.27.4&Prime; _module_preset=\u00a0\u00bbdefault\u00a0\u00bb custom_margin=\u00a0\u00bb||10px||false|false\u00a0\u00bb global_colors_info=\u00a0\u00bb{}\u00a0\u00bb theme_builder_area=\u00a0\u00bbpost_content\u00a0\u00bb][et_pb_social_media_follow_network social_network=\u00a0\u00bbinstagram\u00a0\u00bb url=\u00a0\u00bbhttps:\/\/www.instagram.com\/roulcab_des_pinatous?utm_source=ig_web_button_share_sheet&#038;igsh=ZDNlZDc0MzIxNw==\u00a0\u00bb _builder_version=\u00a0\u00bb4.27.4&Prime; _module_preset=\u00a0\u00bbdefault\u00a0\u00bb global_colors_info=\u00a0\u00bb{}\u00a0\u00bb theme_builder_area=\u00a0\u00bbpost_content\u00a0\u00bb follow_button=\u00a0\u00bboff\u00a0\u00bb url_new_window=\u00a0\u00bbon\u00a0\u00bb]instagram[\/et_pb_social_media_follow_network][\/et_pb_social_media_follow][et_pb_text _builder_version=\u00a0\u00bb4.27.4&Prime; _module_preset=\u00a0\u00bbe3d73245-ed12-46f2-842f-bebc4765cf0c\u00a0\u00bb text_font=\u00a0\u00bbBelleza||||||||\u00a0\u00bb header_3_text_color=\u00a0\u00bb#FFFFFF\u00a0\u00bb link_option_url=\u00a0\u00bbhttps:\/\/www.instagram.com\/roulcab_des_pinatous?utm_source=ig_web_button_share_sheet&#038;igsh=ZDNlZDc0MzIxNw==\u00a0\u00bb inline_fonts=\u00a0\u00bbBelleza\u00a0\u00bb global_colors_info=\u00a0\u00bb{}\u00a0\u00bb theme_builder_area=\u00a0\u00bbpost_content\u00a0\u00bb]<\/p>\n<h3><strong><span style=\"font-family: Belleza;\">@ROULCAB_DES_PINATOUS<\/span><\/strong><\/h3>\n<p>[\/et_pb_text][\/et_pb_column][\/et_pb_row][et_pb_row column_structure=\u00a0\u00bb1_4,1_4,1_4,1_4&Prime; _builder_version=\u00a0\u00bb4.22.0&Prime; _module_preset=\u00a0\u00bbdefault\u00a0\u00bb global_colors_info=\u00a0\u00bb{}\u00a0\u00bb theme_builder_area=\u00a0\u00bbpost_content\u00a0\u00bb][et_pb_column type=\u00a0\u00bb1_4&Prime; _builder_version=\u00a0\u00bb4.22.0&Prime; _module_preset=\u00a0\u00bbdefault\u00a0\u00bb global_colors_info=\u00a0\u00bb{}\u00a0\u00bb theme_builder_area=\u00a0\u00bbpost_content\u00a0\u00bb][et_pb_image src=\u00a0\u00bbhttps:\/\/www.roulcabdespinatous.fr\/wp-content\/uploads\/2025\/01\/ROULCAB.png\u00a0\u00bb title_text=\u00a0\u00bbROULCAB\u00a0\u00bb _builder_version=\u00a0\u00bb4.27.4&Prime; _module_preset=\u00a0\u00bbdefault\u00a0\u00bb global_colors_info=\u00a0\u00bb{}\u00a0\u00bb theme_builder_area=\u00a0\u00bbpost_content\u00a0\u00bb][\/et_pb_image][\/et_pb_column][et_pb_column type=\u00a0\u00bb1_4&Prime; _builder_version=\u00a0\u00bb4.22.0&Prime; _module_preset=\u00a0\u00bbdefault\u00a0\u00bb global_colors_info=\u00a0\u00bb{}\u00a0\u00bb theme_builder_area=\u00a0\u00bbpost_content\u00a0\u00bb][et_pb_text _builder_version=\u00a0\u00bb4.27.4&Prime; _module_preset=\u00a0\u00bbf480aafc-4928-4a69-a073-0f8c44fc11ed\u00a0\u00bb header_5_font=\u00a0\u00bbArimo||||||||\u00a0\u00bb header_5_text_color=\u00a0\u00bb#FFFFFF\u00a0\u00bb custom_margin=\u00a0\u00bb||10px||false|false\u00a0\u00bb global_colors_info=\u00a0\u00bb{}\u00a0\u00bb theme_builder_area=\u00a0\u00bbpost_content\u00a0\u00bb]<\/p>\n<h5><span style=\"font-size: medium;\"><strong>CONTACT<\/strong><\/span><\/h5>\n<p>[\/et_pb_text][et_pb_text _builder_version=\u00a0\u00bb4.27.4&Prime; _module_preset=\u00a0\u00bbb6f90f8c-a26f-4708-9021-d0eb36537b03&Prime; text_text_color=\u00a0\u00bb#FFFFFF\u00a0\u00bb link_text_color=\u00a0\u00bb#FFFFFF\u00a0\u00bb custom_margin=\u00a0\u00bb||10px||false|false\u00a0\u00bb global_colors_info=\u00a0\u00bb{}\u00a0\u00bb theme_builder_area=\u00a0\u00bbpost_content\u00a0\u00bb]<\/p>\n<p>Si\u00e8ge social :<br \/>48 chemin du Cret de la Garde<br \/>42220 Colombier<\/p>\n<p>[\/et_pb_text][et_pb_text _builder_version=\u00a0\u00bb4.27.4&Prime; _module_preset=\u00a0\u00bbb6f90f8c-a26f-4708-9021-d0eb36537b03&Prime; text_text_color=\u00a0\u00bb#FFFFFF\u00a0\u00bb link_text_color=\u00a0\u00bb#FFFFFF\u00a0\u00bb custom_margin=\u00a0\u00bb||10px||false|false\u00a0\u00bb global_colors_info=\u00a0\u00bb{}\u00a0\u00bb theme_builder_area=\u00a0\u00bbpost_content\u00a0\u00bb]<\/p>\n<p>roulcabdespinatoux@orange.fr<\/p>\n<p>[\/et_pb_text][et_pb_text _builder_version=\u00a0\u00bb4.27.4&Prime; _module_preset=\u00a0\u00bbb6f90f8c-a26f-4708-9021-d0eb36537b03&Prime; text_text_color=\u00a0\u00bb#FFFFFF\u00a0\u00bb link_text_color=\u00a0\u00bb#FFFFFF\u00a0\u00bb custom_margin=\u00a0\u00bb||10px||false|false\u00a0\u00bb global_colors_info=\u00a0\u00bb{}\u00a0\u00bb theme_builder_area=\u00a0\u00bbpost_content\u00a0\u00bb]<\/p>\n<p>07 71 77 92 55<\/p>\n<p>[\/et_pb_text][et_pb_text _builder_version=\u00a0\u00bb4.27.4&Prime; _module_preset=\u00a0\u00bbb6f90f8c-a26f-4708-9021-d0eb36537b03&Prime; text_text_color=\u00a0\u00bb#FFFFFF\u00a0\u00bb link_text_color=\u00a0\u00bb#FFFFFF\u00a0\u00bb custom_margin=\u00a0\u00bb||10px||false|false\u00a0\u00bb global_colors_info=\u00a0\u00bb{}\u00a0\u00bb theme_builder_area=\u00a0\u00bbpost_content\u00a0\u00bb]<\/p>\n<p>06 87 74 80 46<\/p>\n<p>[\/et_pb_text][\/et_pb_column][et_pb_column type=\u00a0\u00bb1_4&Prime; _builder_version=\u00a0\u00bb4.22.0&Prime; _module_preset=\u00a0\u00bbdefault\u00a0\u00bb global_colors_info=\u00a0\u00bb{}\u00a0\u00bb theme_builder_area=\u00a0\u00bbpost_content\u00a0\u00bb][et_pb_text _builder_version=\u00a0\u00bb4.27.4&Prime; _module_preset=\u00a0\u00bbf480aafc-4928-4a69-a073-0f8c44fc11ed\u00a0\u00bb header_5_font=\u00a0\u00bbArimo||||||||\u00a0\u00bb header_5_text_color=\u00a0\u00bb#FFFFFF\u00a0\u00bb custom_margin=\u00a0\u00bb||10px||false|false\u00a0\u00bb global_colors_info=\u00a0\u00bb{}\u00a0\u00bb theme_builder_area=\u00a0\u00bbpost_content\u00a0\u00bb]<\/p>\n<h5><span style=\"font-size: medium;\"><strong>NAVIGATION<\/strong><\/span><\/h5>\n<p>[\/et_pb_text][et_pb_text _builder_version=\u00a0\u00bb4.27.4&Prime; _dynamic_attributes=\u00a0\u00bblink_option_url\u00a0\u00bb _module_preset=\u00a0\u00bbb6f90f8c-a26f-4708-9021-d0eb36537b03&Prime; text_text_color=\u00a0\u00bb#FFFFFF\u00a0\u00bb link_text_color=\u00a0\u00bb#FFFFFF\u00a0\u00bb custom_margin=\u00a0\u00bb||10px||false|false\u00a0\u00bb link_option_url=\u00a0\u00bb@ET-DC@eyJkeW5hbWljIjp0cnVlLCJjb250ZW50IjoicG9zdF9saW5rX3VybF9wYWdlIiwic2V0dGluZ3MiOnsicG9zdF9pZCI6IjczIn19@\u00a0\u00bb global_colors_info=\u00a0\u00bb{}\u00a0\u00bb theme_builder_area=\u00a0\u00bbpost_content\u00a0\u00bb]<\/p>\n<p>\u00c0 propos<\/p>\n<p>[\/et_pb_text][et_pb_text _builder_version=\u00a0\u00bb4.27.4&Prime; _dynamic_attributes=\u00a0\u00bblink_option_url\u00a0\u00bb _module_preset=\u00a0\u00bbb6f90f8c-a26f-4708-9021-d0eb36537b03&Prime; text_text_color=\u00a0\u00bb#FFFFFF\u00a0\u00bb link_text_color=\u00a0\u00bb#FFFFFF\u00a0\u00bb custom_margin=\u00a0\u00bb||10px||false|false\u00a0\u00bb link_option_url=\u00a0\u00bb@ET-DC@eyJkeW5hbWljIjp0cnVlLCJjb250ZW50IjoicG9zdF9saW5rX3VybF9wYWdlIiwic2V0dGluZ3MiOnsicG9zdF9pZCI6Ijg0In19@\u00a0\u00bb global_colors_info=\u00a0\u00bb{}\u00a0\u00bb theme_builder_area=\u00a0\u00bbpost_content\u00a0\u00bb]<\/p>\n<p>H\u00e9bergements<\/p>\n<p>[\/et_pb_text][et_pb_text _builder_version=\u00a0\u00bb4.27.4&Prime; _dynamic_attributes=\u00a0\u00bblink_option_url\u00a0\u00bb _module_preset=\u00a0\u00bbb6f90f8c-a26f-4708-9021-d0eb36537b03&Prime; text_text_color=\u00a0\u00bb#FFFFFF\u00a0\u00bb link_text_color=\u00a0\u00bb#FFFFFF\u00a0\u00bb custom_margin=\u00a0\u00bb||10px||false|false\u00a0\u00bb link_option_url=\u00a0\u00bb@ET-DC@eyJkeW5hbWljIjp0cnVlLCJjb250ZW50IjoicG9zdF9saW5rX3VybF9wYWdlIiwic2V0dGluZ3MiOnsicG9zdF9pZCI6IjgwIn19@\u00a0\u00bb global_colors_info=\u00a0\u00bb{}\u00a0\u00bb theme_builder_area=\u00a0\u00bbpost_content\u00a0\u00bb]<\/p>\n<p>Activit\u00e9s<\/p>\n<p>[\/et_pb_text][et_pb_text _builder_version=\u00a0\u00bb4.27.4&Prime; _dynamic_attributes=\u00a0\u00bblink_option_url\u00a0\u00bb _module_preset=\u00a0\u00bbb6f90f8c-a26f-4708-9021-d0eb36537b03&Prime; text_text_color=\u00a0\u00bb#FFFFFF\u00a0\u00bb link_text_color=\u00a0\u00bb#FFFFFF\u00a0\u00bb custom_margin=\u00a0\u00bb||10px||false|false\u00a0\u00bb link_option_url=\u00a0\u00bb@ET-DC@eyJkeW5hbWljIjp0cnVlLCJjb250ZW50IjoicG9zdF9saW5rX3VybF9wYWdlIiwic2V0dGluZ3MiOnsicG9zdF9pZCI6Ijg2In19@\u00a0\u00bb global_colors_info=\u00a0\u00bb{}\u00a0\u00bb theme_builder_area=\u00a0\u00bbpost_content\u00a0\u00bb]<\/p>\n<p>Photos<\/p>\n<p>[\/et_pb_text][\/et_pb_column][et_pb_column type=\u00a0\u00bb1_4&Prime; _builder_version=\u00a0\u00bb4.22.0&Prime; _module_preset=\u00a0\u00bbdefault\u00a0\u00bb global_colors_info=\u00a0\u00bb{}\u00a0\u00bb theme_builder_area=\u00a0\u00bbpost_content\u00a0\u00bb][et_pb_text _builder_version=\u00a0\u00bb4.27.4&Prime; _module_preset=\u00a0\u00bbf480aafc-4928-4a69-a073-0f8c44fc11ed\u00a0\u00bb header_5_font=\u00a0\u00bbArimo||||||||\u00a0\u00bb header_5_text_color=\u00a0\u00bb#FFFFFF\u00a0\u00bb custom_margin=\u00a0\u00bb||10px||false|false\u00a0\u00bb global_colors_info=\u00a0\u00bb{}\u00a0\u00bb theme_builder_area=\u00a0\u00bbpost_content\u00a0\u00bb]<\/p>\n<h5><span style=\"font-size: medium;\"><strong>INFORMATIONS L\u00c9GALES<\/strong><\/span><\/h5>\n<p>[\/et_pb_text][et_pb_text _builder_version=\u00a0\u00bb4.27.4&Prime; _dynamic_attributes=\u00a0\u00bblink_option_url\u00a0\u00bb _module_preset=\u00a0\u00bbb6f90f8c-a26f-4708-9021-d0eb36537b03&Prime; text_text_color=\u00a0\u00bb#FFFFFF\u00a0\u00bb link_text_color=\u00a0\u00bb#FFFFFF\u00a0\u00bb custom_margin=\u00a0\u00bb||10px||false|false\u00a0\u00bb link_option_url=\u00a0\u00bb@ET-DC@eyJkeW5hbWljIjp0cnVlLCJjb250ZW50IjoicG9zdF9saW5rX3VybF9wYWdlIiwic2V0dGluZ3MiOnsicG9zdF9pZCI6IjgyIn19@\u00a0\u00bb global_colors_info=\u00a0\u00bb{}\u00a0\u00bb theme_builder_area=\u00a0\u00bbpost_content\u00a0\u00bb]<\/p>\n<p>Mentions l\u00e9gales<\/p>\n<p>[\/et_pb_text][et_pb_text _builder_version=\u00a0\u00bb4.27.4&Prime; _dynamic_attributes=\u00a0\u00bblink_option_url\u00a0\u00bb _module_preset=\u00a0\u00bbb6f90f8c-a26f-4708-9021-d0eb36537b03&Prime; text_text_color=\u00a0\u00bb#FFFFFF\u00a0\u00bb link_text_color=\u00a0\u00bb#FFFFFF\u00a0\u00bb custom_margin=\u00a0\u00bb||10px||false|false\u00a0\u00bb link_option_url=\u00a0\u00bb@ET-DC@eyJkeW5hbWljIjp0cnVlLCJjb250ZW50IjoicG9zdF9saW5rX3VybF9wYWdlIiwic2V0dGluZ3MiOnsicG9zdF9pZCI6IjE5NSJ9fQ==@\u00a0\u00bb global_colors_info=\u00a0\u00bb{}\u00a0\u00bb theme_builder_area=\u00a0\u00bbpost_content\u00a0\u00bb]<\/p>\n<p>Politique de confidentialit\u00e9<\/p>\n<p>[\/et_pb_text][et_pb_text _builder_version=\u00a0\u00bb4.27.4&Prime; _dynamic_attributes=\u00a0\u00bblink_option_url\u00a0\u00bb _module_preset=\u00a0\u00bbb6f90f8c-a26f-4708-9021-d0eb36537b03&Prime; text_text_color=\u00a0\u00bb#FFFFFF\u00a0\u00bb link_text_color=\u00a0\u00bb#FFFFFF\u00a0\u00bb custom_margin=\u00a0\u00bb||10px||false|false\u00a0\u00bb link_option_url=\u00a0\u00bb@ET-DC@eyJkeW5hbWljIjp0cnVlLCJjb250ZW50IjoicG9zdF9saW5rX3VybF9wYWdlIiwic2V0dGluZ3MiOnsicG9zdF9pZCI6IjE5OSJ9fQ==@\u00a0\u00bb global_colors_info=\u00a0\u00bb{}\u00a0\u00bb theme_builder_area=\u00a0\u00bbpost_content\u00a0\u00bb]<\/p>\n<p>CGV<\/p>\n<p>[\/et_pb_text][\/et_pb_column][\/et_pb_row][et_pb_row _builder_version=\u00a0\u00bb4.27.4&Prime; _module_preset=\u00a0\u00bbdefault\u00a0\u00bb global_colors_info=\u00a0\u00bb{}\u00a0\u00bb theme_builder_area=\u00a0\u00bbpost_content\u00a0\u00bb][et_pb_column type=\u00a0\u00bb4_4&Prime; _builder_version=\u00a0\u00bb4.27.4&Prime; _module_preset=\u00a0\u00bbdefault\u00a0\u00bb global_colors_info=\u00a0\u00bb{}\u00a0\u00bb theme_builder_area=\u00a0\u00bbpost_content\u00a0\u00bb][et_pb_text _builder_version=\u00a0\u00bb4.27.4&Prime; _dynamic_attributes=\u00a0\u00bbcontent\u00a0\u00bb _module_preset=\u00a0\u00bbb6f90f8c-a26f-4708-9021-d0eb36537b03&Prime; text_text_color=\u00a0\u00bb#FFFFFF\u00a0\u00bb text_orientation=\u00a0\u00bbcenter\u00a0\u00bb global_colors_info=\u00a0\u00bb{}\u00a0\u00bb theme_builder_area=\u00a0\u00bbpost_content\u00a0\u00bb]@ET-DC@eyJkeW5hbWljIjp0cnVlLCJjb250ZW50IjoiY3VycmVudF9kYXRlIiwic2V0dGluZ3MiOnsiYmVmb3JlIjoiQ29weXJpZ2h0ICZjb3B5OyAiLCJhZnRlciI6IiBST1VMQ0FCIERFUyBQSU5BVE9VUyIsImRhdGVfZm9ybWF0IjoiY3VzdG9tIiwiY3VzdG9tX2RhdGVfZm9ybWF0IjoiWSJ9fQ==@[\/et_pb_text][\/et_pb_column][\/et_pb_row][\/et_pb_section]<\/p>\n","protected":false},"excerpt":{"rendered":"<p>Conditions G\u00e9n\u00e9rales de Vente (CGV)\u00a0Les pr\u00e9sentes conditions g\u00e9n\u00e9rales de vente s\u2019appliquent \u00e0 toutes les r\u00e9servations effectu\u00e9es via le site www.roulcabdespinatous.fr, g\u00e9r\u00e9 par Roulcab des Pinatous. Article 1 \u2013 Objet Les pr\u00e9sentes CGV ont pour objet de d\u00e9finir les droits et obligations des parties dans le cadre de la r\u00e9servation d\u2019un s\u00e9jour dans les h\u00e9bergements propos\u00e9s [&hellip;]<\/p>\n","protected":false},"author":1,"featured_media":0,"parent":0,"menu_order":0,"comment_status":"closed","ping_status":"closed","template":"","meta":{"_et_pb_use_builder":"on","_et_pb_old_content":"<!-- wp:divi\/placeholder \/-->","_et_gb_content_width":"","_glsr_average":0,"_glsr_ranking":0,"_glsr_reviews":0,"footnotes":""},"class_list":["post-199","page","type-page","status-publish","hentry"],"yoast_head":"<!-- This site is optimized with the Yoast SEO plugin v25.5 - https:\/\/yoast.com\/wordpress\/plugins\/seo\/ -->\n<title>CGV - ROULCAB DES PINATOUS<\/title>\n<meta name=\"robots\" content=\"index, follow, max-snippet:-1, max-image-preview:large, max-video-preview:-1\" \/>\n<link rel=\"canonical\" href=\"https:\/\/www.roulcabdespinatous.fr\/index.php\/cgv\/\" \/>\n<meta property=\"og:locale\" content=\"fr_FR\" \/>\n<meta property=\"og:type\" content=\"article\" \/>\n<meta property=\"og:title\" content=\"CGV - ROULCAB DES PINATOUS\" \/>\n<meta property=\"og:description\" content=\"Conditions G\u00e9n\u00e9rales de Vente (CGV)\u00a0Les pr\u00e9sentes conditions g\u00e9n\u00e9rales de vente s\u2019appliquent \u00e0 toutes les r\u00e9servations effectu\u00e9es via le site www.roulcabdespinatous.fr, g\u00e9r\u00e9 par Roulcab des Pinatous. Article 1 \u2013 Objet Les pr\u00e9sentes CGV ont pour objet de d\u00e9finir les droits et obligations des parties dans le cadre de la r\u00e9servation d\u2019un s\u00e9jour dans les h\u00e9bergements propos\u00e9s [&hellip;]\" \/>\n<meta property=\"og:url\" content=\"https:\/\/www.roulcabdespinatous.fr\/index.php\/cgv\/\" \/>\n<meta property=\"og:site_name\" content=\"ROULCAB DES PINATOUS\" \/>\n<meta property=\"article:modified_time\" content=\"2025-09-11T16:48:38+00:00\" \/>\n<meta name=\"twitter:card\" content=\"summary_large_image\" \/>\n<meta name=\"twitter:label1\" content=\"Dur\u00e9e de lecture estim\u00e9e\" \/>\n\t<meta name=\"twitter:data1\" content=\"3 minutes\" \/>\n<script type=\"application\/ld+json\" class=\"yoast-schema-graph\">{\"@context\":\"https:\/\/schema.org\",\"@graph\":[{\"@type\":\"WebPage\",\"@id\":\"https:\/\/www.roulcabdespinatous.fr\/index.php\/cgv\/\",\"url\":\"https:\/\/www.roulcabdespinatous.fr\/index.php\/cgv\/\",\"name\":\"CGV - ROULCAB DES PINATOUS\",\"isPartOf\":{\"@id\":\"https:\/\/www.roulcabdespinatous.fr\/#website\"},\"datePublished\":\"2025-07-20T19:10:12+00:00\",\"dateModified\":\"2025-09-11T16:48:38+00:00\",\"breadcrumb\":{\"@id\":\"https:\/\/www.roulcabdespinatous.fr\/index.php\/cgv\/#breadcrumb\"},\"inLanguage\":\"fr-FR\",\"potentialAction\":[{\"@type\":\"ReadAction\",\"target\":[\"https:\/\/www.roulcabdespinatous.fr\/index.php\/cgv\/\"]}]},{\"@type\":\"BreadcrumbList\",\"@id\":\"https:\/\/www.roulcabdespinatous.fr\/index.php\/cgv\/#breadcrumb\",\"itemListElement\":[{\"@type\":\"ListItem\",\"position\":1,\"name\":\"Accueil\",\"item\":\"https:\/\/www.roulcabdespinatous.fr\/\"},{\"@type\":\"ListItem\",\"position\":2,\"name\":\"CGV\"}]},{\"@type\":\"WebSite\",\"@id\":\"https:\/\/www.roulcabdespinatous.fr\/#website\",\"url\":\"https:\/\/www.roulcabdespinatous.fr\/\",\"name\":\"ROULCAB DES PINATOUS\",\"description\":\"Un site utilisant WordPress\",\"potentialAction\":[{\"@type\":\"SearchAction\",\"target\":{\"@type\":\"EntryPoint\",\"urlTemplate\":\"https:\/\/www.roulcabdespinatous.fr\/?s={search_term_string}\"},\"query-input\":{\"@type\":\"PropertyValueSpecification\",\"valueRequired\":true,\"valueName\":\"search_term_string\"}}],\"inLanguage\":\"fr-FR\"}]}<\/script>\n<!-- \/ Yoast SEO plugin. -->","yoast_head_json":{"title":"CGV - ROULCAB DES PINATOUS","robots":{"index":"index","follow":"follow","max-snippet":"max-snippet:-1","max-image-preview":"max-image-preview:large","max-video-preview":"max-video-preview:-1"},"canonical":"https:\/\/www.roulcabdespinatous.fr\/index.php\/cgv\/","og_locale":"fr_FR","og_type":"article","og_title":"CGV - ROULCAB DES PINATOUS","og_description":"Conditions G\u00e9n\u00e9rales de Vente (CGV)\u00a0Les pr\u00e9sentes conditions g\u00e9n\u00e9rales de vente s\u2019appliquent \u00e0 toutes les r\u00e9servations effectu\u00e9es via le site www.roulcabdespinatous.fr, g\u00e9r\u00e9 par Roulcab des Pinatous. Article 1 \u2013 Objet Les pr\u00e9sentes CGV ont pour objet de d\u00e9finir les droits et obligations des parties dans le cadre de la r\u00e9servation d\u2019un s\u00e9jour dans les h\u00e9bergements propos\u00e9s [&hellip;]","og_url":"https:\/\/www.roulcabdespinatous.fr\/index.php\/cgv\/","og_site_name":"ROULCAB DES PINATOUS","article_modified_time":"2025-09-11T16:48:38+00:00","twitter_card":"summary_large_image","twitter_misc":{"Dur\u00e9e de lecture estim\u00e9e":"3 minutes"},"schema":{"@context":"https:\/\/schema.org","@graph":[{"@type":"WebPage","@id":"https:\/\/www.roulcabdespinatous.fr\/index.php\/cgv\/","url":"https:\/\/www.roulcabdespinatous.fr\/index.php\/cgv\/","name":"CGV - ROULCAB DES PINATOUS","isPartOf":{"@id":"https:\/\/www.roulcabdespinatous.fr\/#website"},"datePublished":"2025-07-20T19:10:12+00:00","dateModified":"2025-09-11T16:48:38+00:00","breadcrumb":{"@id":"https:\/\/www.roulcabdespinatous.fr\/index.php\/cgv\/#breadcrumb"},"inLanguage":"fr-FR","potentialAction":[{"@type":"ReadAction","target":["https:\/\/www.roulcabdespinatous.fr\/index.php\/cgv\/"]}]},{"@type":"BreadcrumbList","@id":"https:\/\/www.roulcabdespinatous.fr\/index.php\/cgv\/#breadcrumb","itemListElement":[{"@type":"ListItem","position":1,"name":"Accueil","item":"https:\/\/www.roulcabdespinatous.fr\/"},{"@type":"ListItem","position":2,"name":"CGV"}]},{"@type":"WebSite","@id":"https:\/\/www.roulcabdespinatous.fr\/#website","url":"https:\/\/www.roulcabdespinatous.fr\/","name":"ROULCAB DES PINATOUS","description":"Un site utilisant WordPress","potentialAction":[{"@type":"SearchAction","target":{"@type":"EntryPoint","urlTemplate":"https:\/\/www.roulcabdespinatous.fr\/?s={search_term_string}"},"query-input":{"@type":"PropertyValueSpecification","valueRequired":true,"valueName":"search_term_string"}}],"inLanguage":"fr-FR"}]}},"_links":{"self":[{"href":"https:\/\/www.roulcabdespinatous.fr\/index.php\/wp-json\/wp\/v2\/pages\/199","targetHints":{"allow":["GET"]}}],"collection":[{"href":"https:\/\/www.roulcabdespinatous.fr\/index.php\/wp-json\/wp\/v2\/pages"}],"about":[{"href":"https:\/\/www.roulcabdespinatous.fr\/index.php\/wp-json\/wp\/v2\/types\/page"}],"author":[{"embeddable":true,"href":"https:\/\/www.roulcabdespinatous.fr\/index.php\/wp-json\/wp\/v2\/users\/1"}],"replies":[{"embeddable":true,"href":"https:\/\/www.roulcabdespinatous.fr\/index.php\/wp-json\/wp\/v2\/comments?post=199"}],"version-history":[{"count":9,"href":"https:\/\/www.roulcabdespinatous.fr\/index.php\/wp-json\/wp\/v2\/pages\/199\/revisions"}],"predecessor-version":[{"id":315,"href":"https:\/\/www.roulcabdespinatous.fr\/index.php\/wp-json\/wp\/v2\/pages\/199\/revisions\/315"}],"wp:attachment":[{"href":"https:\/\/www.roulcabdespinatous.fr\/index.php\/wp-json\/wp\/v2\/media?parent=199"}],"curies":[{"name":"wp","href":"https:\/\/api.w.org\/{rel}","templated":true}]}}