{"id":370,"date":"2025-11-05T17:58:35","date_gmt":"2025-11-05T16:58:35","guid":{"rendered":"https:\/\/www.roulcabdespinatous.fr\/?page_id=370"},"modified":"2025-11-05T18:18:09","modified_gmt":"2025-11-05T17:18:09","slug":"370-2","status":"publish","type":"page","link":"https:\/\/www.roulcabdespinatous.fr\/index.php\/370-2\/","title":{"rendered":"Votre avis compte pour nous !"},"content":{"rendered":"<p>[et_pb_section fb_built=\u00a0\u00bb1&Prime; _builder_version=\u00a0\u00bb4.27.4&Prime; _module_preset=\u00a0\u00bbdefault\u00a0\u00bb global_colors_info=\u00a0\u00bb{}\u00a0\u00bb][et_pb_row _builder_version=\u00a0\u00bb4.27.4&Prime; _module_preset=\u00a0\u00bbdefault\u00a0\u00bb global_colors_info=\u00a0\u00bb{}\u00a0\u00bb][et_pb_column type=\u00a0\u00bb4_4&Prime; _builder_version=\u00a0\u00bb4.27.4&Prime; _module_preset=\u00a0\u00bbdefault\u00a0\u00bb global_colors_info=\u00a0\u00bb{}\u00a0\u00bb][et_pb_text _builder_version=\u00a0\u00bb4.27.4&Prime; _module_preset=\u00a0\u00bbd3c67c7c-ce26-4ab3-8c2c-c80d7770515e\u00a0\u00bb text_font=\u00a0\u00bbBelleza||||||||\u00a0\u00bb header_font=\u00a0\u00bbBelleza||||||||\u00a0\u00bb header_text_color=\u00a0\u00bb#FFFFFF\u00a0\u00bb header_font_size=\u00a0\u00bb52px\u00a0\u00bb custom_margin=\u00a0\u00bb||10px||false|false\u00a0\u00bb global_colors_info=\u00a0\u00bb{}\u00a0\u00bb]<\/p>\n<h1 style=\"text-align: center;\"><span style=\"color: #32620e;\">Merci d\u2019avoir choisi <strong data-start=\"882\" data-end=\"906\">Roulcab des Pinatous<\/strong><\/span><\/h1>\n<h1 style=\"text-align: center;\"><span style=\"color: #32620e;\">pour votre escapade !<\/span><\/h1>\n<p>[\/et_pb_text][et_pb_divider _builder_version=\u00a0\u00bb4.27.4&Prime; _module_preset=\u00a0\u00bbdefault\u00a0\u00bb show_divider=\u00a0\u00bboff\u00a0\u00bb hover_enabled=\u00a0\u00bb0&Prime; sticky_enabled=\u00a0\u00bb0&Prime; min_height=\u00a0\u00bb41.8px\u00a0\u00bb][\/et_pb_divider][et_pb_text _builder_version=\u00a0\u00bb4.27.4&Prime; _module_preset=\u00a0\u00bbdefault\u00a0\u00bb text_text_color=\u00a0\u00bb#32620E\u00a0\u00bb text_font_size=\u00a0\u00bb15px\u00a0\u00bb global_colors_info=\u00a0\u00bb{}\u00a0\u00bb]<\/p>\n<p data-start=\"578\" data-end=\"904\">Votre avis compte beaucoup pour nous !<br data-start=\"265\" data-end=\"268\" \/>Dites-nous comment s\u2019est pass\u00e9e votre exp\u00e9rience : la cabane, l\u2019accueil, le cadre, les activit\u00e9s aux alentours, les possibilit\u00e9s de restauration\u2026<br data-start=\"401\" data-end=\"404\" \/>Vos retours nous aident \u00e0 nous am\u00e9liorer chaque jour et \u00e0 offrir des s\u00e9jours toujours plus agr\u00e9ables au c\u0153ur de la nature. \ud83c\udf33<\/p>\n<p>[\/et_pb_text][et_pb_code _builder_version=\u00a0\u00bb4.27.4&Prime; _module_preset=\u00a0\u00bbdefault\u00a0\u00bb global_colors_info=\u00a0\u00bb{}\u00a0\u00bb]<div class=\"glsr glsr-default\" id=\"glsr_ffef042f\" data-from=\"shortcode\" data-shortcode=\"site_reviews_form\"><div class=\"glsr-form-wrap\">\n    <form class=\"glsr-review-form glsr-form\" method=\"post\" enctype=\"multipart\/form-data\">\n        <input type=\"hidden\" name=\"site-reviews[_action]\" value=\"submit-review\" \/>\n<input type=\"hidden\" name=\"site-reviews[_nonce]\" value=\"0d405604de\" \/>\n<input type=\"hidden\" name=\"site-reviews[_post_id]\" value=\"370\" \/>\n<input type=\"hidden\" name=\"site-reviews[_referer]\" value=\"\" \/>\n<input type=\"hidden\" name=\"site-reviews[assigned_posts]\" value=\"\" \/>\n<input type=\"hidden\" name=\"site-reviews[assigned_terms]\" value=\"\" \/>\n<input type=\"hidden\" name=\"site-reviews[assigned_users]\" value=\"\" \/>\n<input type=\"hidden\" name=\"site-reviews[excluded]\" value=\"\" \/>\n<input type=\"hidden\" name=\"site-reviews[form_id]\" value=\"glsr_ffef042f\" \/>\n<input type=\"hidden\" name=\"site-reviews[terms_exist]\" value=\"1\" \/>\n<input type=\"hidden\" name=\"site-reviews[form_signature]\" value=\"vqEpBw8X1KaqKABA_fnOXFB9mAuj9-g5CI5ZXSWPai0pT4hWOH7s38NtCSZzY24DlkCGXuRE5UljLrMSRP5OTNrcIn_NaicV-nyEZ1SfLaKzCcf3abRxWmqMku_fT8cfj7vpJmEiZCPOzBgYmuZ2MPb4R5zcEgwqEx4poxRvmtvzOVEa8WUwdL6y8dqNljtZsxB_zHAjs8xhMI3Oabw56JLVKO8TdlnE5oFDbdYYuw087KkUNTMf8BhNMRD7t_ggC5qDh6uGCEry4gb9e-tAMkOCyXqbsFGSzs0UpzwEzgNxFQXClYMtJQRkoea4t2jychuf0RmUmzSdmJz7ucFCXGO6BjcmbDgekhTm5vJibfRVTzX1oJdyqxx_235zielwyoDxnR0DKhmX6jkV1TSC5zORpA\" \/>\n<div class=\"glsr-field\" style=\"display:none;\"><label for=\"site-reviews-f8e966c3-glsr_ffef042f\">Votre avis<\/label><input type=\"text\" class=\"glsr-input glsr-input-text\" id=\"site-reviews-f8e966c3-glsr_ffef042f\" name=\"site-reviews[f8e966c3]\" value=\"\" \/><\/div>\n<div class=\"glsr-field glsr-field-rating glsr-required\" data-field=\"rating\">\n    <label class=\"glsr-label\" for=\"glsr_ffef042f-rating\">\n    <span>Votre note globale<\/span>\n<\/label>\n    <select class=\"browser-default disable-select no_wrap no-wrap glsr-select\" id=\"glsr_ffef042f-rating\" name=\"site-reviews[rating]\" required><option value=\"\">S\u00e9lectionnez une note<\/option><option value=\"5\">5 \u00e9toiles<\/option><option value=\"4\">4 \u00e9toiles<\/option><option value=\"3\">3 \u00e9toiles<\/option><option value=\"2\">2 \u00e9toiles<\/option><option value=\"1\">1 \u00e9toile<\/option><\/select>\n    <div class=\"glsr-field-error\"><\/div>\n<\/div>\n<div class=\"glsr-field glsr-field-text glsr-required\" data-field=\"title\">\n    <label class=\"glsr-label\" for=\"glsr_ffef042f-title\">\n    <span>Titre de votre avis<\/span>\n<\/label>\n    <input type=\"text\" class=\"glsr-input glsr-input-text\" id=\"glsr_ffef042f-title\" name=\"site-reviews[title]\" required placeholder=\"R\u00e9sumez votre avis ou mettez en \u00e9vidence un d\u00e9tail int\u00e9ressant\" value=\"\" \/>\n    <div class=\"glsr-field-error\"><\/div>\n<\/div>\n<div class=\"glsr-field glsr-field-textarea glsr-required\" data-field=\"content\">\n    <label class=\"glsr-label\" for=\"glsr_ffef042f-content\">\n    <span>Votre avis<\/span>\n<\/label>\n    <textarea class=\"glsr-textarea\" id=\"glsr_ffef042f-content\" name=\"site-reviews[content]\" required placeholder=\"Donnez votre avis\" rows=\"5\"><\/textarea>\n    <div class=\"glsr-field-error\"><\/div>\n<\/div>\n<div class=\"glsr-field glsr-field-text glsr-required\" data-field=\"name\">\n    <label class=\"glsr-label\" for=\"glsr_ffef042f-name\">\n    <span>Votre nom<\/span>\n<\/label>\n    <input type=\"text\" class=\"glsr-input glsr-input-text\" id=\"glsr_ffef042f-name\" name=\"site-reviews[name]\" required placeholder=\"Donnez votre nom\" value=\"\" \/>\n    <div class=\"glsr-field-error\"><\/div>\n<\/div>\n<div class=\"glsr-field glsr-field-email glsr-required\" data-field=\"email\">\n    <label class=\"glsr-label\" for=\"glsr_ffef042f-email\">\n    <span>Votre e-mail<\/span>\n<\/label>\n    <input type=\"email\" class=\"glsr-input glsr-input-email\" id=\"glsr_ffef042f-email\" name=\"site-reviews[email]\" required placeholder=\"Donnez votre e-mail\" value=\"\" \/>\n    <div class=\"glsr-field-error\"><\/div>\n<\/div>\n<div class=\"glsr-field glsr-field-choice glsr-required\" data-field=\"terms\">\n    \n    <span class=\"glsr-field-toggle\">\n    <span class=\"glsr-toggle\">\n        <label for=\"glsr_ffef042f-terms-1\">Cette note est fond\u00e9e sur ma propre exp\u00e9rience et mon v\u00e9ritable avis.<\/label>\n        <span class=\"glsr-toggle-switch\">\n            <input type=\"checkbox\" class=\"glsr-input-toggle\" id=\"glsr_ffef042f-terms-1\" name=\"site-reviews[terms]\" required value=\"1\" \/> &#8203; <!-- zero-space character used for alignment -->\n            <span class=\"glsr-toggle-track\"><\/span>\n        <\/span>\n    <\/span>\n<\/span>\n    <div class=\"glsr-field-error\"><\/div>\n<\/div>\n        <div class=\"glsr-form-message\">\n    \n<\/div>\n        <div data-field=\"submit-button\">\n    <div class=\"wp-block-buttons is-layout-flex\">\n        <div class=\"wp-block-button\">\n            <button type=\"submit\" class=\"glsr-button wp-block-button__link wp-element-button\" aria-busy=\"false\" data-loading=\"Submitting, please wait...\">Envoyer un avis<\/button>\n        <\/div>\n    <\/div>\n<\/div>\n    <\/form>\n<\/div><\/div>[\/et_pb_code][\/et_pb_column][\/et_pb_row][\/et_pb_section][et_pb_section fb_built=\u00a0\u00bb1&Prime; admin_label=\u00a0\u00bbFooter\u00a0\u00bb _builder_version=\u00a0\u00bb4.27.0&Prime; _module_preset=\u00a0\u00bbdefault\u00a0\u00bb background_color=\u00a0\u00bb#32620E\u00a0\u00bb saved_tabs=\u00a0\u00bball\u00a0\u00bb collapsed=\u00a0\u00bbon\u00a0\u00bb global_colors_info=\u00a0\u00bb{}\u00a0\u00bb][et_pb_row _builder_version=\u00a0\u00bb4.22.0&Prime; _module_preset=\u00a0\u00bbdefault\u00a0\u00bb global_colors_info=\u00a0\u00bb{}\u00a0\u00bb][et_pb_column type=\u00a0\u00bb4_4&Prime; _builder_version=\u00a0\u00bb4.22.0&Prime; _module_preset=\u00a0\u00bbdefault\u00a0\u00bb global_colors_info=\u00a0\u00bb{}\u00a0\u00bb][et_pb_social_media_follow _builder_version=\u00a0\u00bb4.27.4&Prime; _module_preset=\u00a0\u00bbdefault\u00a0\u00bb custom_margin=\u00a0\u00bb||10px||false|false\u00a0\u00bb global_colors_info=\u00a0\u00bb{}\u00a0\u00bb][et_pb_social_media_follow_network social_network=\u00a0\u00bbinstagram\u00a0\u00bb url=\u00a0\u00bbhttps:\/\/www.instagram.com\/roulcab_des_pinatous?utm_source=ig_web_button_share_sheet&#038;igsh=ZDNlZDc0MzIxNw==\u00a0\u00bb _builder_version=\u00a0\u00bb4.27.4&Prime; _module_preset=\u00a0\u00bbdefault\u00a0\u00bb global_colors_info=\u00a0\u00bb{}\u00a0\u00bb follow_button=\u00a0\u00bboff\u00a0\u00bb url_new_window=\u00a0\u00bbon\u00a0\u00bb]instagram[\/et_pb_social_media_follow_network][\/et_pb_social_media_follow][et_pb_text _builder_version=\u00a0\u00bb4.27.4&Prime; _module_preset=\u00a0\u00bbe3d73245-ed12-46f2-842f-bebc4765cf0c\u00a0\u00bb text_font=\u00a0\u00bbBelleza||||||||\u00a0\u00bb header_3_text_color=\u00a0\u00bb#FFFFFF\u00a0\u00bb link_option_url=\u00a0\u00bbhttps:\/\/www.instagram.com\/roulcab_des_pinatous?utm_source=ig_web_button_share_sheet&#038;igsh=ZDNlZDc0MzIxNw==\u00a0\u00bb inline_fonts=\u00a0\u00bbBelleza\u00a0\u00bb global_colors_info=\u00a0\u00bb{}\u00a0\u00bb]<\/p>\n<h3><strong><span style=\"font-family: Belleza;\">@ROULCAB_DES_PINATOUS<\/span><\/strong><\/h3>\n<p>[\/et_pb_text][\/et_pb_column][\/et_pb_row][et_pb_row column_structure=\u00a0\u00bb1_4,1_4,1_4,1_4&Prime; _builder_version=\u00a0\u00bb4.22.0&Prime; _module_preset=\u00a0\u00bbdefault\u00a0\u00bb global_colors_info=\u00a0\u00bb{}\u00a0\u00bb][et_pb_column type=\u00a0\u00bb1_4&Prime; _builder_version=\u00a0\u00bb4.22.0&Prime; _module_preset=\u00a0\u00bbdefault\u00a0\u00bb global_colors_info=\u00a0\u00bb{}\u00a0\u00bb][et_pb_image src=\u00a0\u00bbhttps:\/\/www.roulcabdespinatous.fr\/wp-content\/uploads\/2025\/01\/ROULCAB.png\u00a0\u00bb title_text=\u00a0\u00bbROULCAB\u00a0\u00bb _builder_version=\u00a0\u00bb4.27.4&Prime; _module_preset=\u00a0\u00bbdefault\u00a0\u00bb global_colors_info=\u00a0\u00bb{}\u00a0\u00bb][\/et_pb_image][\/et_pb_column][et_pb_column type=\u00a0\u00bb1_4&Prime; _builder_version=\u00a0\u00bb4.22.0&Prime; _module_preset=\u00a0\u00bbdefault\u00a0\u00bb global_colors_info=\u00a0\u00bb{}\u00a0\u00bb][et_pb_text _builder_version=\u00a0\u00bb4.27.4&Prime; _module_preset=\u00a0\u00bbf480aafc-4928-4a69-a073-0f8c44fc11ed\u00a0\u00bb header_5_font=\u00a0\u00bbArimo||||||||\u00a0\u00bb header_5_text_color=\u00a0\u00bb#FFFFFF\u00a0\u00bb custom_margin=\u00a0\u00bb||10px||false|false\u00a0\u00bb global_colors_info=\u00a0\u00bb{}\u00a0\u00bb]<\/p>\n<h5><span style=\"font-size: medium;\"><strong>CONTACT<\/strong><\/span><\/h5>\n<p>[\/et_pb_text][et_pb_text _builder_version=\u00a0\u00bb4.27.4&Prime; _module_preset=\u00a0\u00bbb6f90f8c-a26f-4708-9021-d0eb36537b03&Prime; text_text_color=\u00a0\u00bb#FFFFFF\u00a0\u00bb link_text_color=\u00a0\u00bb#FFFFFF\u00a0\u00bb custom_margin=\u00a0\u00bb||10px||false|false\u00a0\u00bb global_colors_info=\u00a0\u00bb{}\u00a0\u00bb]<\/p>\n<p>Si\u00e8ge social :<br \/>48 chemin du Cret de la Garde<br \/>42220 Colombier<\/p>\n<p>[\/et_pb_text][et_pb_text _builder_version=\u00a0\u00bb4.27.4&Prime; _module_preset=\u00a0\u00bbb6f90f8c-a26f-4708-9021-d0eb36537b03&Prime; text_text_color=\u00a0\u00bb#FFFFFF\u00a0\u00bb link_text_color=\u00a0\u00bb#FFFFFF\u00a0\u00bb custom_margin=\u00a0\u00bb||10px||false|false\u00a0\u00bb global_colors_info=\u00a0\u00bb{}\u00a0\u00bb]<\/p>\n<p>roulcabdespinatoux@orange.fr<\/p>\n<p>[\/et_pb_text][et_pb_text _builder_version=\u00a0\u00bb4.27.4&Prime; _module_preset=\u00a0\u00bbb6f90f8c-a26f-4708-9021-d0eb36537b03&Prime; text_text_color=\u00a0\u00bb#FFFFFF\u00a0\u00bb link_text_color=\u00a0\u00bb#FFFFFF\u00a0\u00bb custom_margin=\u00a0\u00bb||10px||false|false\u00a0\u00bb global_colors_info=\u00a0\u00bb{}\u00a0\u00bb]<\/p>\n<p>07 71 77 92 55<\/p>\n<p>[\/et_pb_text][et_pb_text _builder_version=\u00a0\u00bb4.27.4&Prime; _module_preset=\u00a0\u00bbb6f90f8c-a26f-4708-9021-d0eb36537b03&Prime; text_text_color=\u00a0\u00bb#FFFFFF\u00a0\u00bb link_text_color=\u00a0\u00bb#FFFFFF\u00a0\u00bb custom_margin=\u00a0\u00bb||10px||false|false\u00a0\u00bb global_colors_info=\u00a0\u00bb{}\u00a0\u00bb]<\/p>\n<p>06 87 74 80 46<\/p>\n<p>[\/et_pb_text][\/et_pb_column][et_pb_column type=\u00a0\u00bb1_4&Prime; _builder_version=\u00a0\u00bb4.22.0&Prime; _module_preset=\u00a0\u00bbdefault\u00a0\u00bb global_colors_info=\u00a0\u00bb{}\u00a0\u00bb][et_pb_text _builder_version=\u00a0\u00bb4.27.4&Prime; _module_preset=\u00a0\u00bbf480aafc-4928-4a69-a073-0f8c44fc11ed\u00a0\u00bb header_5_font=\u00a0\u00bbArimo||||||||\u00a0\u00bb header_5_text_color=\u00a0\u00bb#FFFFFF\u00a0\u00bb custom_margin=\u00a0\u00bb||10px||false|false\u00a0\u00bb global_colors_info=\u00a0\u00bb{}\u00a0\u00bb]<\/p>\n<h5><span style=\"font-size: medium;\"><strong>NAVIGATION<\/strong><\/span><\/h5>\n<p>[\/et_pb_text][et_pb_text _builder_version=\u00a0\u00bb4.27.4&Prime; _dynamic_attributes=\u00a0\u00bblink_option_url\u00a0\u00bb _module_preset=\u00a0\u00bbb6f90f8c-a26f-4708-9021-d0eb36537b03&Prime; text_text_color=\u00a0\u00bb#FFFFFF\u00a0\u00bb link_text_color=\u00a0\u00bb#FFFFFF\u00a0\u00bb custom_margin=\u00a0\u00bb||10px||false|false\u00a0\u00bb link_option_url=\u00a0\u00bb@ET-DC@eyJkeW5hbWljIjp0cnVlLCJjb250ZW50IjoicG9zdF9saW5rX3VybF9wYWdlIiwic2V0dGluZ3MiOnsicG9zdF9pZCI6IjczIn19@\u00a0\u00bb global_colors_info=\u00a0\u00bb{}\u00a0\u00bb]<\/p>\n<p>\u00c0 propos<\/p>\n<p>[\/et_pb_text][et_pb_text _builder_version=\u00a0\u00bb4.27.4&Prime; _dynamic_attributes=\u00a0\u00bblink_option_url\u00a0\u00bb _module_preset=\u00a0\u00bbb6f90f8c-a26f-4708-9021-d0eb36537b03&Prime; text_text_color=\u00a0\u00bb#FFFFFF\u00a0\u00bb link_text_color=\u00a0\u00bb#FFFFFF\u00a0\u00bb custom_margin=\u00a0\u00bb||10px||false|false\u00a0\u00bb link_option_url=\u00a0\u00bb@ET-DC@eyJkeW5hbWljIjp0cnVlLCJjb250ZW50IjoicG9zdF9saW5rX3VybF9wYWdlIiwic2V0dGluZ3MiOnsicG9zdF9pZCI6Ijg0In19@\u00a0\u00bb global_colors_info=\u00a0\u00bb{}\u00a0\u00bb]<\/p>\n<p>H\u00e9bergements<\/p>\n<p>[\/et_pb_text][et_pb_text _builder_version=\u00a0\u00bb4.27.4&Prime; _dynamic_attributes=\u00a0\u00bblink_option_url\u00a0\u00bb _module_preset=\u00a0\u00bbb6f90f8c-a26f-4708-9021-d0eb36537b03&Prime; text_text_color=\u00a0\u00bb#FFFFFF\u00a0\u00bb link_text_color=\u00a0\u00bb#FFFFFF\u00a0\u00bb custom_margin=\u00a0\u00bb||10px||false|false\u00a0\u00bb link_option_url=\u00a0\u00bb@ET-DC@eyJkeW5hbWljIjp0cnVlLCJjb250ZW50IjoicG9zdF9saW5rX3VybF9wYWdlIiwic2V0dGluZ3MiOnsicG9zdF9pZCI6IjgwIn19@\u00a0\u00bb global_colors_info=\u00a0\u00bb{}\u00a0\u00bb]<\/p>\n<p>Activit\u00e9s<\/p>\n<p>[\/et_pb_text][et_pb_text _builder_version=\u00a0\u00bb4.27.4&Prime; _dynamic_attributes=\u00a0\u00bblink_option_url\u00a0\u00bb _module_preset=\u00a0\u00bbb6f90f8c-a26f-4708-9021-d0eb36537b03&Prime; text_text_color=\u00a0\u00bb#FFFFFF\u00a0\u00bb link_text_color=\u00a0\u00bb#FFFFFF\u00a0\u00bb custom_margin=\u00a0\u00bb||10px||false|false\u00a0\u00bb link_option_url=\u00a0\u00bb@ET-DC@eyJkeW5hbWljIjp0cnVlLCJjb250ZW50IjoicG9zdF9saW5rX3VybF9wYWdlIiwic2V0dGluZ3MiOnsicG9zdF9pZCI6Ijg2In19@\u00a0\u00bb global_colors_info=\u00a0\u00bb{}\u00a0\u00bb]<\/p>\n<p>Photos<\/p>\n<p>[\/et_pb_text][\/et_pb_column][et_pb_column type=\u00a0\u00bb1_4&Prime; _builder_version=\u00a0\u00bb4.22.0&Prime; _module_preset=\u00a0\u00bbdefault\u00a0\u00bb global_colors_info=\u00a0\u00bb{}\u00a0\u00bb][et_pb_text _builder_version=\u00a0\u00bb4.27.4&Prime; _module_preset=\u00a0\u00bbf480aafc-4928-4a69-a073-0f8c44fc11ed\u00a0\u00bb header_5_font=\u00a0\u00bbArimo||||||||\u00a0\u00bb header_5_text_color=\u00a0\u00bb#FFFFFF\u00a0\u00bb custom_margin=\u00a0\u00bb||10px||false|false\u00a0\u00bb global_colors_info=\u00a0\u00bb{}\u00a0\u00bb]<\/p>\n<h5><span style=\"font-size: medium;\"><strong>INFORMATIONS L\u00c9GALES<\/strong><\/span><\/h5>\n<p>[\/et_pb_text][et_pb_text _builder_version=\u00a0\u00bb4.27.4&Prime; _dynamic_attributes=\u00a0\u00bblink_option_url\u00a0\u00bb _module_preset=\u00a0\u00bbb6f90f8c-a26f-4708-9021-d0eb36537b03&Prime; text_text_color=\u00a0\u00bb#FFFFFF\u00a0\u00bb link_text_color=\u00a0\u00bb#FFFFFF\u00a0\u00bb custom_margin=\u00a0\u00bb||10px||false|false\u00a0\u00bb link_option_url=\u00a0\u00bb@ET-DC@eyJkeW5hbWljIjp0cnVlLCJjb250ZW50IjoicG9zdF9saW5rX3VybF9wYWdlIiwic2V0dGluZ3MiOnsicG9zdF9pZCI6IjgyIn19@\u00a0\u00bb global_colors_info=\u00a0\u00bb{}\u00a0\u00bb]<\/p>\n<p>Mentions l\u00e9gales<\/p>\n<p>[\/et_pb_text][et_pb_text _builder_version=\u00a0\u00bb4.27.4&Prime; _dynamic_attributes=\u00a0\u00bblink_option_url\u00a0\u00bb _module_preset=\u00a0\u00bbb6f90f8c-a26f-4708-9021-d0eb36537b03&Prime; text_text_color=\u00a0\u00bb#FFFFFF\u00a0\u00bb link_text_color=\u00a0\u00bb#FFFFFF\u00a0\u00bb custom_margin=\u00a0\u00bb||10px||false|false\u00a0\u00bb link_option_url=\u00a0\u00bb@ET-DC@eyJkeW5hbWljIjp0cnVlLCJjb250ZW50IjoicG9zdF9saW5rX3VybF9wYWdlIiwic2V0dGluZ3MiOnsicG9zdF9pZCI6IjE5NSJ9fQ==@\u00a0\u00bb global_colors_info=\u00a0\u00bb{}\u00a0\u00bb]<\/p>\n<p>Politique de confidentialit\u00e9<\/p>\n<p>[\/et_pb_text][et_pb_text _builder_version=\u00a0\u00bb4.27.4&Prime; _dynamic_attributes=\u00a0\u00bblink_option_url\u00a0\u00bb _module_preset=\u00a0\u00bbb6f90f8c-a26f-4708-9021-d0eb36537b03&Prime; text_text_color=\u00a0\u00bb#FFFFFF\u00a0\u00bb link_text_color=\u00a0\u00bb#FFFFFF\u00a0\u00bb custom_margin=\u00a0\u00bb||10px||false|false\u00a0\u00bb link_option_url=\u00a0\u00bb@ET-DC@eyJkeW5hbWljIjp0cnVlLCJjb250ZW50IjoicG9zdF9saW5rX3VybF9wYWdlIiwic2V0dGluZ3MiOnsicG9zdF9pZCI6IjE5OSJ9fQ==@\u00a0\u00bb global_colors_info=\u00a0\u00bb{}\u00a0\u00bb]<\/p>\n<p>CGV<\/p>\n<p>[\/et_pb_text][\/et_pb_column][\/et_pb_row][et_pb_row _builder_version=\u00a0\u00bb4.27.4&Prime; _module_preset=\u00a0\u00bbdefault\u00a0\u00bb global_colors_info=\u00a0\u00bb{}\u00a0\u00bb][et_pb_column type=\u00a0\u00bb4_4&Prime; _builder_version=\u00a0\u00bb4.27.4&Prime; _module_preset=\u00a0\u00bbdefault\u00a0\u00bb global_colors_info=\u00a0\u00bb{}\u00a0\u00bb][et_pb_text _builder_version=\u00a0\u00bb4.27.4&Prime; _dynamic_attributes=\u00a0\u00bbcontent\u00a0\u00bb _module_preset=\u00a0\u00bbb6f90f8c-a26f-4708-9021-d0eb36537b03&Prime; text_text_color=\u00a0\u00bb#FFFFFF\u00a0\u00bb text_orientation=\u00a0\u00bbcenter\u00a0\u00bb global_colors_info=\u00a0\u00bb{}\u00a0\u00bb]@ET-DC@eyJkeW5hbWljIjp0cnVlLCJjb250ZW50IjoiY3VycmVudF9kYXRlIiwic2V0dGluZ3MiOnsiYmVmb3JlIjoiQ29weXJpZ2h0ICZjb3B5OyAiLCJhZnRlciI6IiBST1VMQ0FCIERFUyBQSU5BVE9VUyIsImRhdGVfZm9ybWF0IjoiY3VzdG9tIiwiY3VzdG9tX2RhdGVfZm9ybWF0IjoiWSJ9fQ==@[\/et_pb_text][\/et_pb_column][\/et_pb_row][\/et_pb_section]<\/p>\n","protected":false},"excerpt":{"rendered":"<p>Merci d\u2019avoir choisi Roulcab des Pinatous pour votre escapade !Votre avis compte beaucoup pour nous !Dites-nous comment s\u2019est pass\u00e9e votre exp\u00e9rience : la cabane, l\u2019accueil, le cadre, les activit\u00e9s aux alentours, les possibilit\u00e9s de restauration\u2026Vos retours nous aident \u00e0 nous am\u00e9liorer chaque jour et \u00e0 offrir des s\u00e9jours toujours plus agr\u00e9ables au c\u0153ur de la [&hellip;]<\/p>\n","protected":false},"author":1,"featured_media":0,"parent":0,"menu_order":0,"comment_status":"closed","ping_status":"closed","template":"","meta":{"_et_pb_use_builder":"on","_et_pb_old_content":"","_et_gb_content_width":"","_glsr_average":0,"_glsr_ranking":0,"_glsr_reviews":0,"footnotes":""},"class_list":["post-370","page","type-page","status-publish","hentry"],"yoast_head":"<!-- This site is optimized with the Yoast SEO plugin v25.5 - https:\/\/yoast.com\/wordpress\/plugins\/seo\/ -->\n<title>Votre avis compte pour nous ! - ROULCAB DES PINATOUS<\/title>\n<meta name=\"robots\" content=\"index, follow, max-snippet:-1, max-image-preview:large, max-video-preview:-1\" \/>\n<link rel=\"canonical\" href=\"https:\/\/www.roulcabdespinatous.fr\/index.php\/370-2\/\" \/>\n<meta property=\"og:locale\" content=\"fr_FR\" \/>\n<meta property=\"og:type\" content=\"article\" \/>\n<meta property=\"og:title\" content=\"Votre avis compte pour nous ! - ROULCAB DES PINATOUS\" \/>\n<meta property=\"og:description\" content=\"Merci d\u2019avoir choisi Roulcab des Pinatous pour votre escapade !Votre avis compte beaucoup pour nous !Dites-nous comment s\u2019est pass\u00e9e votre exp\u00e9rience : la cabane, l\u2019accueil, le cadre, les activit\u00e9s aux alentours, les possibilit\u00e9s de restauration\u2026Vos retours nous aident \u00e0 nous am\u00e9liorer chaque jour et \u00e0 offrir des s\u00e9jours toujours plus agr\u00e9ables au c\u0153ur de la [&hellip;]\" \/>\n<meta property=\"og:url\" content=\"https:\/\/www.roulcabdespinatous.fr\/index.php\/370-2\/\" \/>\n<meta property=\"og:site_name\" content=\"ROULCAB DES PINATOUS\" \/>\n<meta property=\"article:modified_time\" content=\"2025-11-05T17:18:09+00:00\" \/>\n<meta name=\"twitter:card\" content=\"summary_large_image\" \/>\n<meta name=\"twitter:label1\" content=\"Dur\u00e9e de lecture estim\u00e9e\" \/>\n\t<meta name=\"twitter:data1\" content=\"1 minute\" \/>\n<script type=\"application\/ld+json\" class=\"yoast-schema-graph\">{\"@context\":\"https:\/\/schema.org\",\"@graph\":[{\"@type\":\"WebPage\",\"@id\":\"https:\/\/www.roulcabdespinatous.fr\/index.php\/370-2\/\",\"url\":\"https:\/\/www.roulcabdespinatous.fr\/index.php\/370-2\/\",\"name\":\"Votre avis compte pour nous ! - ROULCAB DES PINATOUS\",\"isPartOf\":{\"@id\":\"https:\/\/www.roulcabdespinatous.fr\/#website\"},\"datePublished\":\"2025-11-05T16:58:35+00:00\",\"dateModified\":\"2025-11-05T17:18:09+00:00\",\"breadcrumb\":{\"@id\":\"https:\/\/www.roulcabdespinatous.fr\/index.php\/370-2\/#breadcrumb\"},\"inLanguage\":\"fr-FR\",\"potentialAction\":[{\"@type\":\"ReadAction\",\"target\":[\"https:\/\/www.roulcabdespinatous.fr\/index.php\/370-2\/\"]}]},{\"@type\":\"BreadcrumbList\",\"@id\":\"https:\/\/www.roulcabdespinatous.fr\/index.php\/370-2\/#breadcrumb\",\"itemListElement\":[{\"@type\":\"ListItem\",\"position\":1,\"name\":\"Accueil\",\"item\":\"https:\/\/www.roulcabdespinatous.fr\/\"},{\"@type\":\"ListItem\",\"position\":2,\"name\":\"Votre avis compte pour nous !\"}]},{\"@type\":\"WebSite\",\"@id\":\"https:\/\/www.roulcabdespinatous.fr\/#website\",\"url\":\"https:\/\/www.roulcabdespinatous.fr\/\",\"name\":\"ROULCAB DES PINATOUS\",\"description\":\"Un site utilisant WordPress\",\"potentialAction\":[{\"@type\":\"SearchAction\",\"target\":{\"@type\":\"EntryPoint\",\"urlTemplate\":\"https:\/\/www.roulcabdespinatous.fr\/?s={search_term_string}\"},\"query-input\":{\"@type\":\"PropertyValueSpecification\",\"valueRequired\":true,\"valueName\":\"search_term_string\"}}],\"inLanguage\":\"fr-FR\"}]}<\/script>\n<!-- \/ Yoast SEO plugin. -->","yoast_head_json":{"title":"Votre avis compte pour nous ! - ROULCAB DES PINATOUS","robots":{"index":"index","follow":"follow","max-snippet":"max-snippet:-1","max-image-preview":"max-image-preview:large","max-video-preview":"max-video-preview:-1"},"canonical":"https:\/\/www.roulcabdespinatous.fr\/index.php\/370-2\/","og_locale":"fr_FR","og_type":"article","og_title":"Votre avis compte pour nous ! - ROULCAB DES PINATOUS","og_description":"Merci d\u2019avoir choisi Roulcab des Pinatous pour votre escapade !Votre avis compte beaucoup pour nous !Dites-nous comment s\u2019est pass\u00e9e votre exp\u00e9rience : la cabane, l\u2019accueil, le cadre, les activit\u00e9s aux alentours, les possibilit\u00e9s de restauration\u2026Vos retours nous aident \u00e0 nous am\u00e9liorer chaque jour et \u00e0 offrir des s\u00e9jours toujours plus agr\u00e9ables au c\u0153ur de la [&hellip;]","og_url":"https:\/\/www.roulcabdespinatous.fr\/index.php\/370-2\/","og_site_name":"ROULCAB DES PINATOUS","article_modified_time":"2025-11-05T17:18:09+00:00","twitter_card":"summary_large_image","twitter_misc":{"Dur\u00e9e de lecture estim\u00e9e":"1 minute"},"schema":{"@context":"https:\/\/schema.org","@graph":[{"@type":"WebPage","@id":"https:\/\/www.roulcabdespinatous.fr\/index.php\/370-2\/","url":"https:\/\/www.roulcabdespinatous.fr\/index.php\/370-2\/","name":"Votre avis compte pour nous ! - ROULCAB DES PINATOUS","isPartOf":{"@id":"https:\/\/www.roulcabdespinatous.fr\/#website"},"datePublished":"2025-11-05T16:58:35+00:00","dateModified":"2025-11-05T17:18:09+00:00","breadcrumb":{"@id":"https:\/\/www.roulcabdespinatous.fr\/index.php\/370-2\/#breadcrumb"},"inLanguage":"fr-FR","potentialAction":[{"@type":"ReadAction","target":["https:\/\/www.roulcabdespinatous.fr\/index.php\/370-2\/"]}]},{"@type":"BreadcrumbList","@id":"https:\/\/www.roulcabdespinatous.fr\/index.php\/370-2\/#breadcrumb","itemListElement":[{"@type":"ListItem","position":1,"name":"Accueil","item":"https:\/\/www.roulcabdespinatous.fr\/"},{"@type":"ListItem","position":2,"name":"Votre avis compte pour nous !"}]},{"@type":"WebSite","@id":"https:\/\/www.roulcabdespinatous.fr\/#website","url":"https:\/\/www.roulcabdespinatous.fr\/","name":"ROULCAB DES PINATOUS","description":"Un site utilisant WordPress","potentialAction":[{"@type":"SearchAction","target":{"@type":"EntryPoint","urlTemplate":"https:\/\/www.roulcabdespinatous.fr\/?s={search_term_string}"},"query-input":{"@type":"PropertyValueSpecification","valueRequired":true,"valueName":"search_term_string"}}],"inLanguage":"fr-FR"}]}},"_links":{"self":[{"href":"https:\/\/www.roulcabdespinatous.fr\/index.php\/wp-json\/wp\/v2\/pages\/370","targetHints":{"allow":["GET"]}}],"collection":[{"href":"https:\/\/www.roulcabdespinatous.fr\/index.php\/wp-json\/wp\/v2\/pages"}],"about":[{"href":"https:\/\/www.roulcabdespinatous.fr\/index.php\/wp-json\/wp\/v2\/types\/page"}],"author":[{"embeddable":true,"href":"https:\/\/www.roulcabdespinatous.fr\/index.php\/wp-json\/wp\/v2\/users\/1"}],"replies":[{"embeddable":true,"href":"https:\/\/www.roulcabdespinatous.fr\/index.php\/wp-json\/wp\/v2\/comments?post=370"}],"version-history":[{"count":6,"href":"https:\/\/www.roulcabdespinatous.fr\/index.php\/wp-json\/wp\/v2\/pages\/370\/revisions"}],"predecessor-version":[{"id":386,"href":"https:\/\/www.roulcabdespinatous.fr\/index.php\/wp-json\/wp\/v2\/pages\/370\/revisions\/386"}],"wp:attachment":[{"href":"https:\/\/www.roulcabdespinatous.fr\/index.php\/wp-json\/wp\/v2\/media?parent=370"}],"curies":[{"name":"wp","href":"https:\/\/api.w.org\/{rel}","templated":true}]}}